{"id":5922,"date":"2019-09-26T04:48:02","date_gmt":"2019-09-26T01:48:02","guid":{"rendered":"http:\/\/suaescolaideal.launchpad.com.br\/?page_id=5922"},"modified":"2020-08-19T01:43:58","modified_gmt":"2020-08-19T04:43:58","slug":"sobre","status":"publish","type":"page","link":"https:\/\/suaescolaideal.com.br\/blog\/sobre\/","title":{"rendered":"Sobre"},"content":{"rendered":"[vc_row type=&#8221;full_width_background&#8221; full_screen_row_position=&#8221;middle&#8221; scene_position=&#8221;center&#8221; text_color=&#8221;dark&#8221; text_align=&#8221;left&#8221; top_padding=&#8221;2%&#8221; bottom_padding=&#8221;5%&#8221; overlay_strength=&#8221;1&#8243; shape_divider_position=&#8221;bottom&#8221; shape_type=&#8221;&#8221;][vc_column column_padding=&#8221;padding-2-percent&#8221; column_padding_position=&#8221;right&#8221; background_color_opacity=&#8221;1&#8243; background_hover_color_opacity=&#8221;1&#8243; column_link_target=&#8221;_self&#8221; column_shadow=&#8221;none&#8221; column_border_radius=&#8221;none&#8221; width=&#8221;1\/2&#8243; tablet_width_inherit=&#8221;default&#8221; tablet_text_alignment=&#8221;default&#8221; phone_text_alignment=&#8221;default&#8221; column_border_width=&#8221;none&#8221; column_border_style=&#8221;solid&#8221;]<div class=\"img-with-aniamtion-wrap \" data-max-width=\"100%\" data-border-radius=\"none\"><div class=\"inner\"><img data-shadow=\"none\" data-shadow-direction=\"middle\" class=\"img-with-animation skip-lazy \" data-delay=\"0\" height=\"450\" width=\"904\"  data-animation=\"fade-in\" src=\"https:\/\/suaescolaideal.com.br\/blog\/wp-content\/uploads\/2020\/08\/quem_somos_2.jpg\" srcset=\"https:\/\/suaescolaideal.com.br\/blog\/wp-content\/uploads\/2020\/08\/quem_somos_2.jpg 904w, https:\/\/suaescolaideal.com.br\/blog\/wp-content\/uploads\/2020\/08\/quem_somos_2-300x149.jpg 300w, https:\/\/suaescolaideal.com.br\/blog\/wp-content\/uploads\/2020\/08\/quem_somos_2-768x382.jpg 768w, https:\/\/suaescolaideal.com.br\/blog\/wp-content\/uploads\/2020\/08\/quem_somos_2-670x335.jpg 670w\" sizes=\"100vw\" alt=\"\" \/><\/div><\/div>[\/vc_column][vc_column column_padding=&#8221;no-extra-padding&#8221; column_padding_position=&#8221;all&#8221; background_color_opacity=&#8221;1&#8243; background_hover_color_opacity=&#8221;1&#8243; column_link_target=&#8221;_self&#8221; column_shadow=&#8221;none&#8221; column_border_radius=&#8221;none&#8221; width=&#8221;1\/2&#8243; tablet_width_inherit=&#8221;default&#8221; tablet_text_alignment=&#8221;default&#8221; phone_text_alignment=&#8221;default&#8221; column_border_width=&#8221;none&#8221; column_border_style=&#8221;solid&#8221;][vc_custom_heading text=&#8221;Crian\u00e7as preparadas para buscar seus sonhos.&#8221; font_container=&#8221;tag:h3|font_size:40px|text_align:left|color:%23333333|line_height:54px&#8221; use_theme_fonts=&#8221;yes&#8221;][vc_column_text]Somos cobrados constantemente nos dias de hoje. Sentimos, todos os dias, como \u00e9 dif\u00edcil a miss\u00e3o de conciliar a rotina agitada com a vida em fam\u00edlia. Com jornadas de trabalho<br \/>\ncada vez mais longas, os momentos entre pais e filhos acabam, muitas vezes, ficando de lado.<\/p>\n<p>Ao mesmo tempo, pais e m\u00e3es, independentemente de sua ocupa\u00e7\u00e3o, querem a mesma coisa para seus filhos: oferecer uma vida feliz e confort\u00e1vel para que eles possam crescer confiantes e preparados para buscar seus sonhos.[\/vc_column_text][\/vc_column][\/vc_row][vc_row type=&#8221;full_width_background&#8221; full_screen_row_position=&#8221;middle&#8221; scene_position=&#8221;center&#8221; text_color=&#8221;dark&#8221; text_align=&#8221;left&#8221; top_padding=&#8221;0%&#8221; bottom_padding=&#8221;10%&#8221; overlay_strength=&#8221;1&#8243; shape_divider_position=&#8221;bottom&#8221; shape_type=&#8221;&#8221;][vc_column column_padding=&#8221;padding-2-percent&#8221; column_padding_position=&#8221;right&#8221; background_color_opacity=&#8221;1&#8243; background_hover_color_opacity=&#8221;1&#8243; column_link_target=&#8221;_self&#8221; column_shadow=&#8221;none&#8221; column_border_radius=&#8221;none&#8221; width=&#8221;1\/2&#8243; tablet_width_inherit=&#8221;default&#8221; tablet_text_alignment=&#8221;default&#8221; phone_text_alignment=&#8221;default&#8221; column_border_width=&#8221;none&#8221; column_border_style=&#8221;solid&#8221;][vc_custom_heading text=&#8221;Resgate a alegria da educa\u00e7\u00e3o.&#8221; font_container=&#8221;tag:h3|font_size:40px|text_align:left|color:%23333333|line_height:54px&#8221; use_theme_fonts=&#8221;yes&#8221;][vc_column_text]A escola, muito mais do que um lugar de aprendizado, \u00e9 a fortaleza em que confiamos<br \/>\nnosso bem mais precioso. \u00c9 na escola que seus filhos aprender\u00e3o a conviver em<br \/>\nharmonia, far\u00e3o amigos e descobrir\u00e3o, dia ap\u00f3s dia, quem eles s\u00e3o e qual \u00e9 o seu papel<br \/>\nno mundo. Ali nascer\u00e3o sonhos e projetos, da mesma forma como florescer\u00e3o lembran\u00e7as<br \/>\nque eles levar\u00e3o para toda a sua vida. Afinal, quem n\u00e3o se lembra, com saudades, dos<br \/>\ndias animados no col\u00e9gio?<\/p>\n<p>Contudo, entre tantas op\u00e7\u00f5es, escolher uma boa escola para confiar a educa\u00e7\u00e3o dos seus<br \/>\nfilhos pode ser um desafio. A Sua Escola Ideal vai te ajudar na sua melhor tomada de<br \/>\ndecis\u00e3o por meio de mat\u00e9rias, artigos e conte\u00fados disponibilizados diariamente em nosso<br \/>\nsite.<\/p>\n<p>Nosso desejo \u00e9 que, junto com voc\u00ea, possamos resgatar a alegria da educa\u00e7\u00e3o e o<br \/>\ncompromisso de confian\u00e7a entre a escola e a fam\u00edlia![\/vc_column_text][\/vc_column][vc_column column_padding=&#8221;no-extra-padding&#8221; column_padding_position=&#8221;all&#8221; background_color_opacity=&#8221;1&#8243; background_hover_color_opacity=&#8221;1&#8243; column_link_target=&#8221;_self&#8221; column_shadow=&#8221;none&#8221; column_border_radius=&#8221;none&#8221; width=&#8221;1\/2&#8243; tablet_width_inherit=&#8221;default&#8221; tablet_text_alignment=&#8221;default&#8221; phone_text_alignment=&#8221;default&#8221; column_border_width=&#8221;none&#8221; column_border_style=&#8221;solid&#8221;]<div class=\"img-with-aniamtion-wrap \" data-max-width=\"100%\" data-border-radius=\"none\"><div class=\"inner\"><img data-shadow=\"none\" data-shadow-direction=\"middle\" class=\"img-with-animation skip-lazy \" data-delay=\"0\" height=\"450\" width=\"904\"  data-animation=\"fade-in\" src=\"https:\/\/suaescolaideal.com.br\/blog\/wp-content\/uploads\/2020\/08\/quem_somos_1.jpg\" srcset=\"https:\/\/suaescolaideal.com.br\/blog\/wp-content\/uploads\/2020\/08\/quem_somos_1.jpg 904w, https:\/\/suaescolaideal.com.br\/blog\/wp-content\/uploads\/2020\/08\/quem_somos_1-300x149.jpg 300w, https:\/\/suaescolaideal.com.br\/blog\/wp-content\/uploads\/2020\/08\/quem_somos_1-768x382.jpg 768w, https:\/\/suaescolaideal.com.br\/blog\/wp-content\/uploads\/2020\/08\/quem_somos_1-670x335.jpg 670w\" sizes=\"100vw\" alt=\"\" \/><\/div><\/div>[\/vc_column][\/vc_row]\n","protected":false},"excerpt":{"rendered":"<p>[vc_row type=&#8221;full_width_background&#8221; full_screen_row_position=&#8221;middle&#8221; scene_position=&#8221;center&#8221; text_color=&#8221;dark&#8221; text_align=&#8221;left&#8221; top_padding=&#8221;2%&#8221; bottom_padding=&#8221;5%&#8221; overlay_strength=&#8221;1&#8243; shape_divider_position=&#8221;bottom&#8221; shape_type=&#8221;&#8221;][vc_column column_padding=&#8221;padding-2-percent&#8221; column_padding_position=&#8221;right&#8221; background_color_opacity=&#8221;1&#8243; background_hover_color_opacity=&#8221;1&#8243; column_link_target=&#8221;_self&#8221; column_shadow=&#8221;none&#8221; column_border_radius=&#8221;none&#8221; width=&#8221;1\/2&#8243; tablet_width_inherit=&#8221;default&#8221; tablet_text_alignment=&#8221;default&#8221; phone_text_alignment=&#8221;default&#8221; column_border_width=&#8221;none&#8221; column_border_style=&#8221;solid&#8221;][\/vc_column][vc_column column_padding=&#8221;no-extra-padding&#8221;&#8230;<\/p>\n","protected":false},"author":1,"featured_media":0,"parent":0,"menu_order":0,"comment_status":"closed","ping_status":"closed","template":"","meta":[],"yst_prominent_words":[238,228,239,229,242,232,240,230,237,227,236,226,241,231,244,234,235,225,243,233],"yoast_head":"<!-- This site is optimized with the Yoast SEO Premium plugin v14.5 - https:\/\/yoast.com\/wordpress\/plugins\/seo\/ -->\n<title>Sobre - Blog - Sua Escola Ideal<\/title>\n<meta name=\"robots\" content=\"index, follow\" \/>\n<meta name=\"googlebot\" content=\"index, follow, max-snippet:-1, max-image-preview:large, max-video-preview:-1\" \/>\n<meta name=\"bingbot\" content=\"index, follow, max-snippet:-1, max-image-preview:large, max-video-preview:-1\" \/>\n<link rel=\"canonical\" href=\"https:\/\/suaescolaideal.com.br\/blog\/sobre\/\" \/>\n<meta property=\"og:locale\" content=\"pt_BR\" \/>\n<meta property=\"og:type\" content=\"article\" \/>\n<meta property=\"og:title\" content=\"Sobre - Blog - Sua Escola Ideal\" \/>\n<meta property=\"og:description\" content=\"[vc_row type=&#8221;full_width_background&#8221; full_screen_row_position=&#8221;middle&#8221; scene_position=&#8221;center&#8221; text_color=&#8221;dark&#8221; text_align=&#8221;left&#8221; top_padding=&#8221;2%&#8221; bottom_padding=&#8221;5%&#8221; overlay_strength=&#8221;1&#8243; shape_divider_position=&#8221;bottom&#8221; shape_type=&#8221;&#8221;][vc_column column_padding=&#8221;padding-2-percent&#8221; column_padding_position=&#8221;right&#8221; background_color_opacity=&#8221;1&#8243; background_hover_color_opacity=&#8221;1&#8243; column_link_target=&#8221;_self&#8221; column_shadow=&#8221;none&#8221; column_border_radius=&#8221;none&#8221; width=&#8221;1\/2&#8243; tablet_width_inherit=&#8221;default&#8221; tablet_text_alignment=&#8221;default&#8221; phone_text_alignment=&#8221;default&#8221; column_border_width=&#8221;none&#8221; column_border_style=&#8221;solid&#8221;][\/vc_column][vc_column column_padding=&#8221;no-extra-padding&#8221;...\" \/>\n<meta property=\"og:url\" content=\"https:\/\/suaescolaideal.com.br\/blog\/sobre\/\" \/>\n<meta property=\"og:site_name\" content=\"Blog - Sua Escola Ideal\" \/>\n<meta property=\"article:publisher\" content=\"https:\/\/www.facebook.com\/suaescolaideal\/\" \/>\n<meta property=\"article:modified_time\" content=\"2020-08-19T04:43:58+00:00\" \/>\n<meta name=\"twitter:card\" content=\"summary_large_image\" \/>\n<script type=\"application\/ld+json\" class=\"yoast-schema-graph\">{\"@context\":\"https:\/\/schema.org\",\"@graph\":[{\"@type\":\"WebSite\",\"@id\":\"https:\/\/suaescolaideal.com.br\/blog\/#website\",\"url\":\"https:\/\/suaescolaideal.com.br\/blog\/\",\"name\":\"Sua Escola Ideal - Encontre a melhor escola para o seu filho\",\"description\":\"Conte\\u00fado sobre educa\\u00e7\\u00e3o\",\"potentialAction\":[{\"@type\":\"SearchAction\",\"target\":\"https:\/\/suaescolaideal.com.br\/blog\/?s={search_term_string}\",\"query-input\":\"required name=search_term_string\"}],\"inLanguage\":\"pt-BR\"},{\"@type\":\"WebPage\",\"@id\":\"https:\/\/suaescolaideal.com.br\/blog\/sobre\/#webpage\",\"url\":\"https:\/\/suaescolaideal.com.br\/blog\/sobre\/\",\"name\":\"Sobre - Blog - Sua Escola Ideal\",\"isPartOf\":{\"@id\":\"https:\/\/suaescolaideal.com.br\/blog\/#website\"},\"datePublished\":\"2019-09-26T01:48:02+00:00\",\"dateModified\":\"2020-08-19T04:43:58+00:00\",\"inLanguage\":\"pt-BR\",\"potentialAction\":[{\"@type\":\"ReadAction\",\"target\":[\"https:\/\/suaescolaideal.com.br\/blog\/sobre\/\"]}]}]}<\/script>\n<!-- \/ Yoast SEO Premium plugin. -->","_links":{"self":[{"href":"https:\/\/suaescolaideal.com.br\/blog\/wp-json\/wp\/v2\/pages\/5922"}],"collection":[{"href":"https:\/\/suaescolaideal.com.br\/blog\/wp-json\/wp\/v2\/pages"}],"about":[{"href":"https:\/\/suaescolaideal.com.br\/blog\/wp-json\/wp\/v2\/types\/page"}],"author":[{"embeddable":true,"href":"https:\/\/suaescolaideal.com.br\/blog\/wp-json\/wp\/v2\/users\/1"}],"replies":[{"embeddable":true,"href":"https:\/\/suaescolaideal.com.br\/blog\/wp-json\/wp\/v2\/comments?post=5922"}],"version-history":[{"count":23,"href":"https:\/\/suaescolaideal.com.br\/blog\/wp-json\/wp\/v2\/pages\/5922\/revisions"}],"predecessor-version":[{"id":6113,"href":"https:\/\/suaescolaideal.com.br\/blog\/wp-json\/wp\/v2\/pages\/5922\/revisions\/6113"}],"wp:attachment":[{"href":"https:\/\/suaescolaideal.com.br\/blog\/wp-json\/wp\/v2\/media?parent=5922"}],"wp:term":[{"taxonomy":"yst_prominent_words","embeddable":true,"href":"https:\/\/suaescolaideal.com.br\/blog\/wp-json\/wp\/v2\/yst_prominent_words?post=5922"}],"curies":[{"name":"wp","href":"https:\/\/api.w.org\/{rel}","templated":true}]}}